{"id":4,"date":"2011-12-13T09:38:50","date_gmt":"2011-12-13T09:38:50","guid":{"rendered":"http:\/\/www.aboutfood.nl\/?page_id=4"},"modified":"2013-01-14T10:43:00","modified_gmt":"2013-01-14T09:43:00","slug":"sportdietiste","status":"publish","type":"page","link":"https:\/\/www.aboutfood.nl\/?page_id=4","title":{"rendered":"Sportdi\u00ebtiste"},"content":{"rendered":"<p>De di\u00ebtiste van voedingsadviesbureau AboutFood! heeft zich door haar interesse in sport gespecialiseerd in sportdi\u00ebtetiek. Een sportdi\u00ebtiste begeleidt sporters van elk niveau. Dit kunnen recreatieve sporters, wedstrijdsporters of topsporters zijn. Voor het regiosteunpunt (voorheen het Olympisch Steunpunt) begeleidt AboutFood! regelmatig sporttalenten.<\/p>\n<p>Sportvoeding is in te delen in voeding voor teamsport, krachtsport en duursport. Elke tak van sport vereist een specifieke benadering op het gebied van voeding. Er wordt een persoonlijk plan van aanpak gemaakt voor eet -en drinkgewoonten voor, tijdens en na trainingen, voor de wedstrijddagen en voor de hersteldagen. Het kan soms noodzakelijk zijn dat er rekening gehouden moet worden met gewichtsklassen.<\/p>\n<p>Een sporters kan bij sportdi\u00ebtiste terecht in verband met vragen en\/of klachten in relatie tot sportbeoefening. Naast de indicaties als onder Di\u00ebtetiek genoemd, kunnen dit vragen en\/of klachten zijn over:<\/p>\n<ul>\n<li>Vermoeidheid<\/li>\n<li>Hypoglycemie (te lage bloedsuiker tijdens het sporten)<\/li>\n<li>Maag-darmproblemen<\/li>\n<li>Gewichtsproblemen<\/li>\n<li>Voedingspreparaten<\/li>\n<li>Doping<\/li>\n<\/ul>\n","protected":false},"excerpt":{"rendered":"<p>De di\u00ebtiste van voedingsadviesbureau AboutFood! heeft zich door haar interesse in sport gespecialiseerd in sportdi\u00ebtetiek. Een sportdi\u00ebtiste begeleidt sporters van elk niveau. Dit kunnen recreatieve sporters, wedstrijdsporters of topsporters zijn. Voor het regiosteunpunt (voorheen het Olympisch Steunpunt) begeleidt AboutFood! regelmatig sporttalenten. Sportvoeding is in te delen in voeding voor teamsport, krachtsport en duursport. Elke tak [&hellip;]<\/p>\n","protected":false},"author":1,"featured_media":0,"parent":0,"menu_order":0,"comment_status":"open","ping_status":"closed","template":"","meta":{"footnotes":""},"class_list":["post-4","page","type-page","status-publish","hentry"],"_links":{"self":[{"href":"https:\/\/www.aboutfood.nl\/index.php?rest_route=\/wp\/v2\/pages\/4","targetHints":{"allow":["GET"]}}],"collection":[{"href":"https:\/\/www.aboutfood.nl\/index.php?rest_route=\/wp\/v2\/pages"}],"about":[{"href":"https:\/\/www.aboutfood.nl\/index.php?rest_route=\/wp\/v2\/types\/page"}],"author":[{"embeddable":true,"href":"https:\/\/www.aboutfood.nl\/index.php?rest_route=\/wp\/v2\/users\/1"}],"replies":[{"embeddable":true,"href":"https:\/\/www.aboutfood.nl\/index.php?rest_route=%2Fwp%2Fv2%2Fcomments&post=4"}],"version-history":[{"count":4,"href":"https:\/\/www.aboutfood.nl\/index.php?rest_route=\/wp\/v2\/pages\/4\/revisions"}],"predecessor-version":[{"id":134,"href":"https:\/\/www.aboutfood.nl\/index.php?rest_route=\/wp\/v2\/pages\/4\/revisions\/134"}],"wp:attachment":[{"href":"https:\/\/www.aboutfood.nl\/index.php?rest_route=%2Fwp%2Fv2%2Fmedia&parent=4"}],"curies":[{"name":"wp","href":"https:\/\/api.w.org\/{rel}","templated":true}]}}